{"id":5257,"date":"2024-12-14T11:31:52","date_gmt":"2024-12-14T10:31:52","guid":{"rendered":"https:\/\/genesismed.pl\/?page_id=5257"},"modified":"2024-12-14T12:24:48","modified_gmt":"2024-12-14T11:24:48","slug":"ginekologia","status":"publish","type":"page","link":"https:\/\/genesismed.pl\/index.php\/ginekologia\/","title":{"rendered":"Ginekologia"},"content":{"rendered":"\t\t<div data-elementor-type=\"wp-page\" data-elementor-id=\"5257\" class=\"elementor elementor-5257\" data-elementor-post-type=\"page\">\n\t\t\t\t\t\t\t\t\t<section class=\"elementor-section elementor-top-section elementor-element elementor-element-f906a4b elementor-section-boxed elementor-section-height-default elementor-section-height-default\" data-id=\"f906a4b\" data-element_type=\"section\" data-settings=\"{&quot;background_background&quot;:&quot;classic&quot;}\">\n\t\t\t\t\t\t\t<div class=\"elementor-background-overlay\"><\/div>\n\t\t\t\t\t\t\t<div class=\"elementor-container elementor-column-gap-default\">\n\t\t\t\t\t<div class=\"elementor-column elementor-col-100 elementor-top-column elementor-element elementor-element-83f02a5\" data-id=\"83f02a5\" data-element_type=\"column\">\n\t\t\t<div class=\"elementor-widget-wrap elementor-element-populated\">\n\t\t\t\t\t\t\t\t<div class=\"elementor-element elementor-element-24d018b elementor-widget__width-auto elementor-widget elementor-widget-text-editor\" data-id=\"24d018b\" data-element_type=\"widget\" data-widget_type=\"text-editor.default\">\n\t\t\t\t<div class=\"elementor-widget-container\">\n\t\t\t<style>\/*! elementor - v3.18.0 - 20-12-2023 *\/\n.elementor-widget-text-editor.elementor-drop-cap-view-stacked .elementor-drop-cap{background-color:#69727d;color:#fff}.elementor-widget-text-editor.elementor-drop-cap-view-framed .elementor-drop-cap{color:#69727d;border:3px solid;background-color:transparent}.elementor-widget-text-editor:not(.elementor-drop-cap-view-default) .elementor-drop-cap{margin-top:8px}.elementor-widget-text-editor:not(.elementor-drop-cap-view-default) .elementor-drop-cap-letter{width:1em;height:1em}.elementor-widget-text-editor .elementor-drop-cap{float:left;text-align:center;line-height:1;font-size:50px}.elementor-widget-text-editor .elementor-drop-cap-letter{display:inline-block}<\/style>\t\t\t\t<p>Medycyna<\/p>\t\t\t\t\t\t<\/div>\n\t\t\t\t<\/div>\n\t\t\t\t<div class=\"elementor-element elementor-element-799c4bb elementor-widget elementor-widget-jkit_heading\" data-id=\"799c4bb\" data-element_type=\"widget\" data-widget_type=\"jkit_heading.default\">\n\t\t\t\t<div class=\"elementor-widget-container\">\n\t\t\t<div  class=\"jeg-elementor-kit jkit-heading  align-center align-tablet- align-mobile- jeg_module___69e0038b6ef21\" ><div class=\"heading-section-title  display-inline\"><h2 class=\"heading-title\"><span class=\"style-gradient\"><span>Ginekologia<\/span><\/span><\/h2><\/div><\/div>\t\t<\/div>\n\t\t\t\t<\/div>\n\t\t\t\t<div class=\"elementor-element elementor-element-f1825b5 elementor-widget__width-initial elementor-widget elementor-widget-text-editor\" data-id=\"f1825b5\" data-element_type=\"widget\" data-widget_type=\"text-editor.default\">\n\t\t\t\t<div class=\"elementor-widget-container\">\n\t\t\t\t\t\t\t<p>Ginekologia \u2013 dziedzina medycyny zajmuj\u0105ca si\u0119 profilaktyk\u0105 i leczeniem chor\u00f3b \u017ce\u0144skiego uk\u0142adu p\u0142ciowego. Najcz\u0119stsze problemy, jakimi zajmuj\u0105 si\u0119 ginekolodzy, to: zaburzenia miesi\u0105czkowania, stany zapalne pochwy, antykoncepcja, niep\u0142odno\u015b\u0107, nowotwory narz\u0105d\u00f3w rodnych. Jest to dziedzina \u015bci\u015ble zwi\u0105zana z po\u0142o\u017cnictwem.<\/p>\t\t\t\t\t\t<\/div>\n\t\t\t\t<\/div>\n\t\t\t\t\t<\/div>\n\t\t<\/div>\n\t\t\t\t\t\t\t<\/div>\n\t\t<\/section>\n\t\t\t\t<section class=\"elementor-section elementor-top-section elementor-element elementor-element-4541bc1 elementor-section-boxed elementor-section-height-default elementor-section-height-default\" data-id=\"4541bc1\" data-element_type=\"section\">\n\t\t\t\t\t\t<div class=\"elementor-container elementor-column-gap-default\">\n\t\t\t\t\t<div class=\"elementor-column elementor-col-100 elementor-top-column elementor-element elementor-element-fd22414\" data-id=\"fd22414\" data-element_type=\"column\">\n\t\t\t<div class=\"elementor-widget-wrap elementor-element-populated\">\n\t\t\t\t\t\t\t\t<div class=\"elementor-element elementor-element-f791cc9 elementor-widget elementor-widget-heading\" data-id=\"f791cc9\" data-element_type=\"widget\" data-widget_type=\"heading.default\">\n\t\t\t\t<div class=\"elementor-widget-container\">\n\t\t\t<style>\/*! elementor - v3.18.0 - 20-12-2023 *\/\n.elementor-heading-title{padding:0;margin:0;line-height:1}.elementor-widget-heading .elementor-heading-title[class*=elementor-size-]>a{color:inherit;font-size:inherit;line-height:inherit}.elementor-widget-heading .elementor-heading-title.elementor-size-small{font-size:15px}.elementor-widget-heading .elementor-heading-title.elementor-size-medium{font-size:19px}.elementor-widget-heading .elementor-heading-title.elementor-size-large{font-size:29px}.elementor-widget-heading .elementor-heading-title.elementor-size-xl{font-size:39px}.elementor-widget-heading .elementor-heading-title.elementor-size-xxl{font-size:59px}<\/style><h2 class=\"elementor-heading-title elementor-size-default\">Zakres us\u0142ug ginekologicznych:<\/h2>\t\t<\/div>\n\t\t\t\t<\/div>\n\t\t\t\t\t<\/div>\n\t\t<\/div>\n\t\t\t\t\t\t\t<\/div>\n\t\t<\/section>\n\t\t\t\t<section class=\"elementor-section elementor-top-section elementor-element elementor-element-24d9333 elementor-section-boxed elementor-section-height-default elementor-section-height-default\" data-id=\"24d9333\" data-element_type=\"section\">\n\t\t\t\t\t\t<div class=\"elementor-container elementor-column-gap-default\">\n\t\t\t\t\t<div class=\"elementor-column elementor-col-33 elementor-top-column elementor-element elementor-element-7228623\" data-id=\"7228623\" data-element_type=\"column\">\n\t\t\t<div class=\"elementor-widget-wrap elementor-element-populated\">\n\t\t\t\t\t\t\t\t<div class=\"elementor-element elementor-element-25b22ae elementor-widget__width-initial elementor-widget elementor-widget-text-editor\" data-id=\"25b22ae\" data-element_type=\"widget\" data-widget_type=\"text-editor.default\">\n\t\t\t\t<div class=\"elementor-widget-container\">\n\t\t\t\t\t\t\t<p><b>Badania profilaktyczne:<\/b><br \/>\u2013 badania ginekologiczne<br \/>\u2013 badania piersi<\/p><p><b>Badania USG:<\/b><br \/>\u2013 ginekologiczne<br \/>\u2013 ci\u0105\u017cy wczesnej<\/p><p><b>Leczenie zaburze\u0144 cyklu miesi\u0105czkowego:<\/b><br \/>\u2013 nieprawid\u0142owych krwawie\u0144<br \/>\u2013 hormonalna diagnostyka cyklu i owulacji<br \/>\u2013 leczenie niep\u0142odno\u015bci<\/p><p><b>Leczenie w menopauzie:<\/b><br \/>\u2013 hormonalna terapia zast\u0119pcza<br \/>\u2013 leczenie nietrzymania moczu<br \/>\u2013 zachowawcze (farmakologia)<br \/>\u2013 laseroterapia<br \/>\u2013 operacyjne<br \/>\u2013 rehabilitacja<\/p>\t\t\t\t\t\t<\/div>\n\t\t\t\t<\/div>\n\t\t\t\t\t<\/div>\n\t\t<\/div>\n\t\t\t\t<div class=\"elementor-column elementor-col-33 elementor-top-column elementor-element elementor-element-2072e8e\" data-id=\"2072e8e\" data-element_type=\"column\">\n\t\t\t<div class=\"elementor-widget-wrap elementor-element-populated\">\n\t\t\t\t\t\t\t\t<div class=\"elementor-element elementor-element-b302eb8 elementor-widget__width-initial elementor-widget elementor-widget-text-editor\" data-id=\"b302eb8\" data-element_type=\"widget\" data-widget_type=\"text-editor.default\">\n\t\t\t\t<div class=\"elementor-widget-container\">\n\t\t\t\t\t\t\t<p><b>Profilaktyka raka szyjki macicy:<\/b><br \/>\u2013 cytologia<br \/>\u2013 kolposkopia<br \/>\u2013 diagnostyka zabiegowa<\/p><p><b>Leczenie raka szyjki macicy:<\/b><br \/>\u2013 cytologia<br \/>\u2013 kolposkopia<br \/>\u2013 diagnostyka zabiegowa<\/p><p><b>Leczenie nad\u017cerek szyjki macicy:<\/b><br \/>\u2013 krioterapia<br \/>\u2013 elektroterapia<br \/>\u2013 laseroterapia<br \/>\u2013 konizacja chirurgiczna<\/p><p><b>Antykoncepcja:<\/b><br \/>\u2013 hormonalna<br \/>\u2013 wk\u0142adki domaciczne<br \/>\u2013 implanty hormonalne<\/p>\t\t\t\t\t\t<\/div>\n\t\t\t\t<\/div>\n\t\t\t\t\t<\/div>\n\t\t<\/div>\n\t\t\t\t<div class=\"elementor-column elementor-col-33 elementor-top-column elementor-element elementor-element-ba6865f\" data-id=\"ba6865f\" data-element_type=\"column\">\n\t\t\t<div class=\"elementor-widget-wrap elementor-element-populated\">\n\t\t\t\t\t\t\t\t<div class=\"elementor-element elementor-element-433d2bc elementor-widget__width-initial elementor-widget elementor-widget-text-editor\" data-id=\"433d2bc\" data-element_type=\"widget\" data-widget_type=\"text-editor.default\">\n\t\t\t\t<div class=\"elementor-widget-container\">\n\t\t\t\t\t\t\t<p><b>Zbiegi diagnostyczno-lecznicze:<\/b><br \/>\u2013 biopsje endometrium<br \/>\u2013 wycinki ze sromu i okolicy krocza<br \/>\u2013 wycinki z szyjki macicy<br \/>\u2013 histeroskopia<\/p><p><strong>Konsultacje przed planowanymi zabiegami operacyjnymi oraz opieka pooperacyjna<\/strong><br \/><strong>W przypadku konieczno\u015bci d\u0142u\u017cszego LECZENIA SZPITALNEGO zabiegi<\/strong><br \/><strong>diagnostyczne i operacyjne b\u0119d\u0105 wykonywane w II Klinice Ginekologicznej<\/strong><br \/><strong>Onkologicznej Centrum Onkologii Ziemi Lubelskiej w Lublinie.<\/strong><\/p>\t\t\t\t\t\t<\/div>\n\t\t\t\t<\/div>\n\t\t\t\t\t<\/div>\n\t\t<\/div>\n\t\t\t\t\t\t\t<\/div>\n\t\t<\/section>\n\t\t\t\t<section class=\"elementor-section elementor-top-section elementor-element elementor-element-497ddbb elementor-section-boxed elementor-section-height-default elementor-section-height-default\" data-id=\"497ddbb\" data-element_type=\"section\">\n\t\t\t\t\t\t<div class=\"elementor-container elementor-column-gap-default\">\n\t\t\t\t\t<div class=\"elementor-column elementor-col-33 elementor-top-column elementor-element elementor-element-7710f5b\" data-id=\"7710f5b\" data-element_type=\"column\">\n\t\t\t<div class=\"elementor-widget-wrap elementor-element-populated\">\n\t\t\t\t\t\t\t\t<div class=\"elementor-element elementor-element-0515547 elementor-widget__width-initial elementor-widget elementor-widget-text-editor\" data-id=\"0515547\" data-element_type=\"widget\" data-widget_type=\"text-editor.default\">\n\t\t\t\t<div class=\"elementor-widget-container\">\n\t\t\t\t\t\t\t<p><b>Zabiegi z zakresu ginekologii estetycznej:<\/b><br \/>\u2013 leczenie nietrzymania moczu<br \/>\u2013 obkurczanie pochwy<br \/>\u2013 Wybielanie i uj\u0119drnianie warg sromowych oraz okolic odbytu<br \/>\u2013 Uj\u0119drnianie krocza ze zmniejszeniem rozst\u0119p\u00f3w okolicy sromu i krocza<\/p><p><b>Zabiegi z u\u017cyciem kwasu hialuronowego:<\/b><br \/>\u2013 Leczenie nietrzymania moczu<br \/>\u2013 Powi\u0119kszanie i\/lub uj\u0119drnianie warg sromowych<br \/>\u2013 Odm\u0142adzanie krocza i \u015bcian pochwy oraz zmniejszenie wej\u015bcia do pochwy<br \/>\u2013 Obkurczanie pochwy<br \/>\u2013 Uj\u0119drnianie warg sromowych<br \/>\u2013 Powi\u0119kszanie i uj\u0119drnianie punktu G<\/p>\t\t\t\t\t\t<\/div>\n\t\t\t\t<\/div>\n\t\t\t\t\t<\/div>\n\t\t<\/div>\n\t\t\t\t<div class=\"elementor-column elementor-col-33 elementor-top-column elementor-element elementor-element-4eb17c7\" data-id=\"4eb17c7\" data-element_type=\"column\">\n\t\t\t<div class=\"elementor-widget-wrap elementor-element-populated\">\n\t\t\t\t\t\t\t\t<div class=\"elementor-element elementor-element-5b5e102 elementor-widget__width-initial elementor-widget elementor-widget-text-editor\" data-id=\"5b5e102\" data-element_type=\"widget\" data-widget_type=\"text-editor.default\">\n\t\t\t\t<div class=\"elementor-widget-container\">\n\t\t\t\t\t\t\t<p><b>Operacje plastyczne w obr\u0119bie narz\u0105du rodnego:<\/b><br \/>\u2013 labioplastyka ( plastyka warg sromowych metod\u0105 chirurgiczn\u0105 lub przy u\u017cyciu lasera<br \/>-zmniejszenie i \/lub modelowanie warg sromowych wi\u0119kszych i\/lub mniejszych )<br \/>\u2013 plastyka \u015bluz\u00f3wki przedsionka pochwy oraz przedniej i\/lub tylnej \u015bciany<br \/>\u2013 korekcja poporodowych uszkodze\u0144 pochwy i krocza<br \/>\u2013 rekonstrukcja i \u201eodtworzenie\u201d b\u0142ony dziewiczej<br \/>\u2013 naci\u0119cie zbyt grubej i\/lub niepodatnej b\u0142ony dziewiczej<br \/>\u2013 perineoplastyka (rewitalizacja\/ odm\u0142adzanie krocza)<\/p>\t\t\t\t\t\t<\/div>\n\t\t\t\t<\/div>\n\t\t\t\t\t<\/div>\n\t\t<\/div>\n\t\t\t\t<div class=\"elementor-column elementor-col-33 elementor-top-column elementor-element elementor-element-8738a67\" data-id=\"8738a67\" data-element_type=\"column\">\n\t\t\t<div class=\"elementor-widget-wrap elementor-element-populated\">\n\t\t\t\t\t\t\t\t<div class=\"elementor-element elementor-element-a19dbaa elementor-widget elementor-widget-image\" data-id=\"a19dbaa\" data-element_type=\"widget\" data-widget_type=\"image.default\">\n\t\t\t\t<div class=\"elementor-widget-container\">\n\t\t\t<style>\/*! elementor - v3.18.0 - 20-12-2023 *\/\n.elementor-widget-image{text-align:center}.elementor-widget-image a{display:inline-block}.elementor-widget-image a img[src$=\".svg\"]{width:48px}.elementor-widget-image img{vertical-align:middle;display:inline-block}<\/style>\t\t\t\t\t\t\t\t\t\t\t\t<img fetchpriority=\"high\" decoding=\"async\" width=\"800\" height=\"582\" src=\"https:\/\/genesismed.pl\/wp-content\/uploads\/2024\/12\/macica-1.jpeg\" class=\"attachment-large size-large wp-image-5278\" alt=\"\" srcset=\"https:\/\/genesismed.pl\/wp-content\/uploads\/2024\/12\/macica-1.jpeg 825w, https:\/\/genesismed.pl\/wp-content\/uploads\/2024\/12\/macica-1-300x218.jpeg 300w, https:\/\/genesismed.pl\/wp-content\/uploads\/2024\/12\/macica-1-768x559.jpeg 768w\" sizes=\"(max-width: 800px) 100vw, 800px\" \/>\t\t\t\t\t\t\t\t\t\t\t\t\t\t\t<\/div>\n\t\t\t\t<\/div>\n\t\t\t\t\t<\/div>\n\t\t<\/div>\n\t\t\t\t\t\t\t<\/div>\n\t\t<\/section>\n\t\t\t\t<section class=\"elementor-section elementor-top-section elementor-element elementor-element-fd3bc09 elementor-section-boxed elementor-section-height-default elementor-section-height-default\" data-id=\"fd3bc09\" data-element_type=\"section\">\n\t\t\t\t\t\t<div class=\"elementor-container elementor-column-gap-default\">\n\t\t\t\t\t<div class=\"elementor-column elementor-col-100 elementor-top-column elementor-element elementor-element-1eea6aa\" data-id=\"1eea6aa\" data-element_type=\"column\">\n\t\t\t<div class=\"elementor-widget-wrap elementor-element-populated\">\n\t\t\t\t\t\t\t\t<section class=\"elementor-section elementor-inner-section elementor-element elementor-element-f4c0242 elementor-section-boxed elementor-section-height-default elementor-section-height-default\" data-id=\"f4c0242\" data-element_type=\"section\">\n\t\t\t\t\t\t<div class=\"elementor-container elementor-column-gap-no\">\n\t\t\t\t\t<div class=\"elementor-column elementor-col-100 elementor-inner-column elementor-element elementor-element-ba252aa\" data-id=\"ba252aa\" data-element_type=\"column\">\n\t\t\t<div class=\"elementor-widget-wrap elementor-element-populated\">\n\t\t\t\t\t\t\t\t<div class=\"elementor-element elementor-element-338d96f elementor-widget__width-auto elementor-widget elementor-widget-text-editor\" data-id=\"338d96f\" data-element_type=\"widget\" data-widget_type=\"text-editor.default\">\n\t\t\t\t<div class=\"elementor-widget-container\">\n\t\t\t\t\t\t\t<p>Lekarz<\/p>\t\t\t\t\t\t<\/div>\n\t\t\t\t<\/div>\n\t\t\t\t<div class=\"elementor-element elementor-element-f96704e elementor-widget elementor-widget-jkit_heading\" data-id=\"f96704e\" data-element_type=\"widget\" data-widget_type=\"jkit_heading.default\">\n\t\t\t\t<div class=\"elementor-widget-container\">\n\t\t\t<div  class=\"jeg-elementor-kit jkit-heading  align-left align-tablet- align-mobile- jeg_module__1_69e0038b751f3\" ><div class=\"heading-section-title  display-inline-block\"><h2 class=\"heading-title\">Wykwalifikowany <span class=\"style-gradient\"><span> specjalista<\/span><\/span><\/h2><\/div><h3 class=\"heading-section-subtitle  style-color\">Lekarz wykonuj\u0105cy zabiegi.<\/h3><\/div>\t\t<\/div>\n\t\t\t\t<\/div>\n\t\t\t\t\t<\/div>\n\t\t<\/div>\n\t\t\t\t\t\t\t<\/div>\n\t\t<\/section>\n\t\t\t\t<section class=\"elementor-section elementor-inner-section elementor-element elementor-element-84c7c09 elementor-section-boxed elementor-section-height-default elementor-section-height-default\" data-id=\"84c7c09\" data-element_type=\"section\">\n\t\t\t\t\t\t<div class=\"elementor-container elementor-column-gap-no\">\n\t\t\t\t\t<div class=\"elementor-column elementor-col-50 elementor-inner-column elementor-element elementor-element-74f96a1\" data-id=\"74f96a1\" data-element_type=\"column\">\n\t\t\t<div class=\"elementor-widget-wrap elementor-element-populated\">\n\t\t\t\t\t\t\t\t<div class=\"elementor-element elementor-element-2986fbb elementor-widget elementor-widget-image\" data-id=\"2986fbb\" data-element_type=\"widget\" data-widget_type=\"image.default\">\n\t\t\t\t<div class=\"elementor-widget-container\">\n\t\t\t\t\t\t\t\t\t\t\t\t\t\t\t<img decoding=\"async\" width=\"951\" height=\"960\" src=\"https:\/\/genesismed.pl\/wp-content\/uploads\/2024\/12\/brak-zdjecia-2.png\" class=\"attachment-2048x2048 size-2048x2048 wp-image-5208\" alt=\"\" srcset=\"https:\/\/genesismed.pl\/wp-content\/uploads\/2024\/12\/brak-zdjecia-2.png 951w, https:\/\/genesismed.pl\/wp-content\/uploads\/2024\/12\/brak-zdjecia-2-297x300.png 297w, https:\/\/genesismed.pl\/wp-content\/uploads\/2024\/12\/brak-zdjecia-2-150x150.png 150w, https:\/\/genesismed.pl\/wp-content\/uploads\/2024\/12\/brak-zdjecia-2-768x775.png 768w\" sizes=\"(max-width: 951px) 100vw, 951px\" \/>\t\t\t\t\t\t\t\t\t\t\t\t\t\t\t<\/div>\n\t\t\t\t<\/div>\n\t\t\t\t<div class=\"elementor-element elementor-element-3324dcd elementor-widget elementor-widget-jkit_heading\" data-id=\"3324dcd\" data-element_type=\"widget\" data-widget_type=\"jkit_heading.default\">\n\t\t\t\t<div class=\"elementor-widget-container\">\n\t\t\t<div  class=\"jeg-elementor-kit jkit-heading  align-center align-tablet- align-mobile- jeg_module__2_69e0038b76a47\" ><div class=\"heading-section-title  display-inline-block\"><h2 class=\"heading-title\">Dr n. med. Dariusz Zwolski<\/h2><\/div><h3 class=\"heading-section-subtitle  style-color\">Specjalista ginekologii i po\u0142o\u017cnictwa.<\/h3><\/div>\t\t<\/div>\n\t\t\t\t<\/div>\n\t\t\t\t\t<\/div>\n\t\t<\/div>\n\t\t\t\t<div class=\"elementor-column elementor-col-50 elementor-inner-column elementor-element elementor-element-f6b1b7d\" data-id=\"f6b1b7d\" data-element_type=\"column\">\n\t\t\t<div class=\"elementor-widget-wrap elementor-element-populated\">\n\t\t\t\t\t\t\t\t<div class=\"elementor-element elementor-element-279dfdc elementor-widget__width-initial elementor-widget elementor-widget-text-editor\" data-id=\"279dfdc\" data-element_type=\"widget\" data-widget_type=\"text-editor.default\">\n\t\t\t\t<div class=\"elementor-widget-container\">\n\t\t\t\t\t\t\t<p><strong>Dr n. med. Dariusz Zwolski<\/strong> to lekarz z ponad 30 letnim do\u015bwiadczeniem zawodowym,<br \/>specjalista ginekologii i po\u0142o\u017cnictwa. Absolwent Wojskowej Akademii Medycznej w \u0141odzi.<br \/>W roku 2002 uzyska\u0142 tytu\u0142 doktora nauk medycznych. Uczestnik wielu kurs\u00f3w i konferencji o<br \/>tematyce ginekologicznej. Wieloletni pracownik 1 Klinicznego Szpitala Wojskowego w<br \/>Lublinie. Od kilku lat jest pracownikiem Centrum Onkologii Ziemi Lubelskiej oddzia\u0142u<br \/>ginekologii onkologicznej. W pracy zawodowej zachowanie godno\u015bci pacjentki i dba\u0142o\u015b\u0107 o jej<br \/>dobro to najwa\u017cniejsze warto\u015bci kt\u00f3rymi si\u0119 kieruje.<\/p>\t\t\t\t\t\t<\/div>\n\t\t\t\t<\/div>\n\t\t\t\t\t<\/div>\n\t\t<\/div>\n\t\t\t\t\t\t\t<\/div>\n\t\t<\/section>\n\t\t\t\t\t<\/div>\n\t\t<\/div>\n\t\t\t\t\t\t\t<\/div>\n\t\t<\/section>\n\t\t\t\t\t\t\t<\/div>\n\t\t","protected":false},"excerpt":{"rendered":"<p>Medycyna Ginekologia Ginekologia \u2013 dziedzina medycyny zajmuj\u0105ca si\u0119 profilaktyk\u0105 i leczeniem chor\u00f3b \u017ce\u0144skiego uk\u0142adu p\u0142ciowego. Najcz\u0119stsze problemy, jakimi zajmuj\u0105 si\u0119 ginekolodzy, to: zaburzenia miesi\u0105czkowania, stany zapalne pochwy, antykoncepcja, niep\u0142odno\u015b\u0107, nowotwory narz\u0105d\u00f3w rodnych. Jest to dziedzina \u015bci\u015ble zwi\u0105zana z po\u0142o\u017cnictwem. Zakres us\u0142ug ginekologicznych: Badania profilaktyczne:\u2013 badania ginekologiczne\u2013 badania piersi Badania USG:\u2013 ginekologiczne\u2013 ci\u0105\u017cy wczesnej Leczenie zaburze\u0144 [&hellip;]<\/p>\n","protected":false},"author":1,"featured_media":0,"parent":0,"menu_order":0,"comment_status":"closed","ping_status":"closed","template":"elementor_header_footer","meta":{"_monsterinsights_skip_tracking":false,"_monsterinsights_sitenote_active":false,"_monsterinsights_sitenote_note":"","_monsterinsights_sitenote_category":0,"footnotes":""},"class_list":["post-5257","page","type-page","status-publish","hentry"],"_links":{"self":[{"href":"https:\/\/genesismed.pl\/index.php\/wp-json\/wp\/v2\/pages\/5257","targetHints":{"allow":["GET"]}}],"collection":[{"href":"https:\/\/genesismed.pl\/index.php\/wp-json\/wp\/v2\/pages"}],"about":[{"href":"https:\/\/genesismed.pl\/index.php\/wp-json\/wp\/v2\/types\/page"}],"author":[{"embeddable":true,"href":"https:\/\/genesismed.pl\/index.php\/wp-json\/wp\/v2\/users\/1"}],"replies":[{"embeddable":true,"href":"https:\/\/genesismed.pl\/index.php\/wp-json\/wp\/v2\/comments?post=5257"}],"version-history":[{"count":25,"href":"https:\/\/genesismed.pl\/index.php\/wp-json\/wp\/v2\/pages\/5257\/revisions"}],"predecessor-version":[{"id":5290,"href":"https:\/\/genesismed.pl\/index.php\/wp-json\/wp\/v2\/pages\/5257\/revisions\/5290"}],"wp:attachment":[{"href":"https:\/\/genesismed.pl\/index.php\/wp-json\/wp\/v2\/media?parent=5257"}],"curies":[{"name":"wp","href":"https:\/\/api.w.org\/{rel}","templated":true}]}}